{"id":8,"date":"2020-03-22T17:09:36","date_gmt":"2020-03-22T17:09:36","guid":{"rendered":"http:\/\/test2020.absenkung.de\/?page_id=8"},"modified":"2020-04-09T13:17:45","modified_gmt":"2020-04-09T13:17:45","slug":"informationen","status":"publish","type":"page","link":"https:\/\/absenkung.de\/?page_id=8","title":{"rendered":"\u00dcber uns"},"content":{"rendered":"\n<p>Unser Betrieb kennt sich seit 1975 mit der Grundwasserabsenkung aus. In unserer Region (Ostwestfalen) und weit dar\u00fcber hinaus sind wir daher ein zuverl\u00e4ssiger und kompetenter Partner bei Fragen der Grundwasserabsenkung.<\/p>\n\n\n\n<p>Wir sind ein kleiner, flexibler und mobiler Familienbetrieb mit den unterschiedlichsten Einsatzvarianten. Auch schwierige Probleme schrecken uns nicht ab.<\/p>\n\n\n\n<p>Unsere St\u00e4rken liegen in der Grundwasserabsenkung bei Baugruben f\u00fcr Wohnh\u00e4user,&nbsp; Pumpstationen und Kabel- und Kanalsch\u00e4chten. Im Dialog und der Zusammenarbeit mit dem Bauherren und den Bauunternehmern finden wir gemeinsam auch eine L\u00f6sung f\u00fcr Ihr spezielles Problem mit dem Grundwasser.<\/p>\n\n\n\n<p>Unterschiedliche L\u00f6sungen liegen im Bereich unserer M\u00f6glichkeiten, wie der Einsatz der klassischen Vakuumpumpe, in der offenen Wasserhaltung oder in der Kombination dieser beiden M\u00f6glichkeiten.<\/p>\n\n\n\n<p>Dar\u00fcber hinaus sp\u00fclen wir auch Filter zur Wasserversorgung des Gartens ein, dabei ist das so gewonnene Wasser aber kein Trinkwasser, sondern nur Brauchwasser.&nbsp;Auf Wunsch liefern und installieren wir auch das Hauswasserwerk.<\/p>\n","protected":false},"excerpt":{"rendered":"<p>Unser Betrieb kennt sich seit 1975 mit der Grundwasserabsenkung aus. In unserer Region (Ostwestfalen) und weit dar\u00fcber hinaus sind wir daher ein zuverl\u00e4ssiger und kompetenter Partner bei Fragen der Grundwasserabsenkung. Wir sind ein kleiner, flexibler und mobiler Familienbetrieb mit den&#8230;<\/p>\n","protected":false},"author":1,"featured_media":0,"parent":0,"menu_order":0,"comment_status":"closed","ping_status":"closed","template":"","meta":{"footnotes":""},"class_list":["post-8","page","type-page","status-publish","hentry"],"_links":{"self":[{"href":"https:\/\/absenkung.de\/index.php?rest_route=\/wp\/v2\/pages\/8","targetHints":{"allow":["GET"]}}],"collection":[{"href":"https:\/\/absenkung.de\/index.php?rest_route=\/wp\/v2\/pages"}],"about":[{"href":"https:\/\/absenkung.de\/index.php?rest_route=\/wp\/v2\/types\/page"}],"author":[{"embeddable":true,"href":"https:\/\/absenkung.de\/index.php?rest_route=\/wp\/v2\/users\/1"}],"replies":[{"embeddable":true,"href":"https:\/\/absenkung.de\/index.php?rest_route=%2Fwp%2Fv2%2Fcomments&post=8"}],"version-history":[{"count":5,"href":"https:\/\/absenkung.de\/index.php?rest_route=\/wp\/v2\/pages\/8\/revisions"}],"predecessor-version":[{"id":185,"href":"https:\/\/absenkung.de\/index.php?rest_route=\/wp\/v2\/pages\/8\/revisions\/185"}],"wp:attachment":[{"href":"https:\/\/absenkung.de\/index.php?rest_route=%2Fwp%2Fv2%2Fmedia&parent=8"}],"curies":[{"name":"wp","href":"https:\/\/api.w.org\/{rel}","templated":true}]}}