{"id":5,"date":"2020-03-22T17:09:36","date_gmt":"2020-03-22T17:09:36","guid":{"rendered":"http:\/\/test2020.absenkung.de\/?page_id=5"},"modified":"2026-04-22T18:43:00","modified_gmt":"2026-04-22T18:43:00","slug":"herzlich-willkommen","status":"publish","type":"page","link":"https:\/\/absenkung.de\/","title":{"rendered":"Absenkanlagen Ramsel"},"content":{"rendered":"\n<div class=\"wp-block-group is-nowrap is-layout-flex wp-container-core-group-is-layout-1 wp-block-group-is-layout-flex\">\n<figure class=\"wp-block-image size-large\"><img loading=\"lazy\" decoding=\"async\" width=\"1024\" height=\"645\" src=\"https:\/\/absenkung.de\/wp-content\/uploads\/2025\/08\/Gigant-3600-2025_3-3-1024x645.png\" alt=\"\" class=\"wp-image-195\" srcset=\"https:\/\/absenkung.de\/wp-content\/uploads\/2025\/08\/Gigant-3600-2025_3-3-1024x645.png 1024w, https:\/\/absenkung.de\/wp-content\/uploads\/2025\/08\/Gigant-3600-2025_3-3-300x189.png 300w, https:\/\/absenkung.de\/wp-content\/uploads\/2025\/08\/Gigant-3600-2025_3-3-768x484.png 768w, https:\/\/absenkung.de\/wp-content\/uploads\/2025\/08\/Gigant-3600-2025_3-3.png 1536w\" sizes=\"auto, (max-width: 1024px) 100vw, 1024px\" \/><\/figure>\n\n\n\n<figure class=\"wp-block-image size-large\"><img loading=\"lazy\" decoding=\"async\" width=\"1024\" height=\"643\" src=\"https:\/\/absenkung.de\/wp-content\/uploads\/2024\/10\/IMG_2752-2-1024x643.jpg\" alt=\"\" class=\"wp-image-139\" srcset=\"https:\/\/absenkung.de\/wp-content\/uploads\/2024\/10\/IMG_2752-2-1024x643.jpg 1024w, https:\/\/absenkung.de\/wp-content\/uploads\/2024\/10\/IMG_2752-2-300x188.jpg 300w, https:\/\/absenkung.de\/wp-content\/uploads\/2024\/10\/IMG_2752-2-768x482.jpg 768w, https:\/\/absenkung.de\/wp-content\/uploads\/2024\/10\/IMG_2752-2-1536x965.jpg 1536w, https:\/\/absenkung.de\/wp-content\/uploads\/2024\/10\/IMG_2752-2-2048x1286.jpg 2048w\" sizes=\"auto, (max-width: 1024px) 100vw, 1024px\" \/><\/figure>\n<\/div>\n\n\n\n<h1 class=\"wp-block-heading\">Herzlich Willkommen !<\/h1>\n\n\n\n<p><strong>Bei Absenkanlagen RAMSEL \u2013 Ihrem Experten f\u00fcr Grundwasserabsenkung <\/strong><\/p>\n\n\n\n<h2 class=\"wp-block-heading\">Seit 1975 !<\/h2>\n\n\n\n<p><strong>In dritter Generation<\/strong> stehen wir Ihnen mit umfassendem Know-how und Erfahrung in der Grundwasserabsenkung zur Seite. Als zuverl\u00e4ssiger und kompetenter Partner sind wir in der Region Ostwestfalen und dar\u00fcber hinaus f\u00fcr Sie da. Vertrauen Sie auf unsere Expertise, um Ihre Projekte sicher und erfolgreich umzusetzen. <\/p>\n\n\n\n<p>Kontaktieren Sie uns f\u00fcr individuelle L\u00f6sungen! Egal ob <strong>Vertikal<\/strong> oder <strong>Horizontale Wasserhaltung!<\/strong><\/p>\n\n\n\n<p>Und informieren Sie sich \u00fcber unsere Dienstleistungen, Referenzen und aktuelle Projekte. Wir sind stets bereit, Ihnen zu helfen!<\/p>\n\n\n\n<p><\/p>\n\n\n\n<p><strong>Ihr Team von Absenkanlagen Ramsel<\/strong><\/p>\n\n\n\n<div class=\"wp-block-group\"><div class=\"wp-block-group__inner-container is-layout-constrained wp-block-group-is-layout-constrained\">\n<div class=\"wp-block-columns is-layout-flex wp-container-core-columns-is-layout-3 wp-block-columns-is-layout-flex\">\n<div class=\"wp-block-column is-layout-flow wp-block-column-is-layout-flow\" style=\"flex-basis:68%\">\n<div class=\"wp-block-columns is-layout-flex wp-container-core-columns-is-layout-1 wp-block-columns-is-layout-flex\">\n<div class=\"wp-block-column is-vertically-aligned-center is-layout-flow wp-block-column-is-layout-flow\" style=\"flex-basis:100%\">\n<p class=\"has-text-align-center has-large-font-size\"><strong>NEUE Fr\u00e4se f\u00fcr Tiefendrainage<\/strong><\/p>\n\n\n\n<figure class=\"wp-block-image size-large\"><img loading=\"lazy\" decoding=\"async\" width=\"1024\" height=\"645\" src=\"https:\/\/absenkung.de\/wp-content\/uploads\/2025\/08\/Gigant-3600-2025_3-1-1024x645.png\" alt=\"\" class=\"wp-image-193\" srcset=\"https:\/\/absenkung.de\/wp-content\/uploads\/2025\/08\/Gigant-3600-2025_3-1-1024x645.png 1024w, https:\/\/absenkung.de\/wp-content\/uploads\/2025\/08\/Gigant-3600-2025_3-1-300x189.png 300w, https:\/\/absenkung.de\/wp-content\/uploads\/2025\/08\/Gigant-3600-2025_3-1-768x484.png 768w, https:\/\/absenkung.de\/wp-content\/uploads\/2025\/08\/Gigant-3600-2025_3-1.png 1536w\" sizes=\"auto, (max-width: 1024px) 100vw, 1024px\" \/><\/figure>\n\n\n\n<h2 class=\"wp-block-heading\">          Tiefendrainage bis 4,5m !<\/h2>\n<\/div>\n<\/div>\n\n\n\n<p>Wir erweitern unser Leistungsspektrum mit einer hochmodernen Drainage-Fr\u00e4se, die Tiefendrainage zuverl\u00e4ssig erm\u00f6glicht.<\/p>\n\n\n\n<p>Die Fr\u00e4se ist ausgestattet mit einem 450PS starken Motor der es erm\u00f6glicht auch bei schweren Bodenverh\u00e4ltnissen zuverl\u00e4ssig zu arbeiten!<\/p>\n\n\n\n<p>Dank modernster GPS Ausstattung ist auch eine genaue Verlegung und Dokumentation der Drainage m\u00f6glich.<\/p>\n\n\n\n<p>Unter 26To Gewicht ist Sie auch ohne Sondergenehmigung schnell an Ort und Stelle verf\u00fcgbar!<br><\/p>\n\n\n\n<p>Bei Fragen stehen wir Ihnen gern zur Seite!<\/p>\n\n\n\n<h2 class=\"wp-block-heading\">-Verf\u00fcgbar ab 30.04.2026-<\/h2>\n<\/div>\n\n\n\n<div class=\"wp-block-column is-layout-flow wp-block-column-is-layout-flow\" style=\"flex-basis:32%\">\n<div class=\"wp-block-group\"><div class=\"wp-block-group__inner-container is-layout-constrained wp-block-group-is-layout-constrained\">\n<div class=\"wp-block-columns is-layout-flex wp-container-core-columns-is-layout-2 wp-block-columns-is-layout-flex\">\n<div class=\"wp-block-column is-layout-flow wp-block-column-is-layout-flow\" style=\"flex-basis:100%\"><\/div>\n<\/div>\n\n\n\n<figure class=\"wp-block-image size-large\"><img loading=\"lazy\" decoding=\"async\" width=\"1024\" height=\"645\" src=\"https:\/\/absenkung.de\/wp-content\/uploads\/2025\/08\/Gigant-3600-2025_4-1024x645.png\" alt=\"\" class=\"wp-image-191\" srcset=\"https:\/\/absenkung.de\/wp-content\/uploads\/2025\/08\/Gigant-3600-2025_4-1024x645.png 1024w, https:\/\/absenkung.de\/wp-content\/uploads\/2025\/08\/Gigant-3600-2025_4-300x189.png 300w, https:\/\/absenkung.de\/wp-content\/uploads\/2025\/08\/Gigant-3600-2025_4-768x484.png 768w, https:\/\/absenkung.de\/wp-content\/uploads\/2025\/08\/Gigant-3600-2025_4.png 1536w\" sizes=\"auto, (max-width: 1024px) 100vw, 1024px\" \/><\/figure>\n<\/div><\/div>\n\n\n\n<figure class=\"wp-block-gallery has-nested-images columns-default is-cropped wp-block-gallery-1 is-layout-flex wp-block-gallery-is-layout-flex\">\n<figure class=\"wp-block-image size-large\"><img loading=\"lazy\" decoding=\"async\" width=\"1024\" height=\"645\" src=\"https:\/\/absenkung.de\/wp-content\/uploads\/2025\/08\/Gigant-3600-2025_6-1024x645.png\" alt=\"\" class=\"wp-image-192\" srcset=\"https:\/\/absenkung.de\/wp-content\/uploads\/2025\/08\/Gigant-3600-2025_6-1024x645.png 1024w, https:\/\/absenkung.de\/wp-content\/uploads\/2025\/08\/Gigant-3600-2025_6-300x189.png 300w, https:\/\/absenkung.de\/wp-content\/uploads\/2025\/08\/Gigant-3600-2025_6-768x484.png 768w, https:\/\/absenkung.de\/wp-content\/uploads\/2025\/08\/Gigant-3600-2025_6.png 1536w\" sizes=\"auto, (max-width: 1024px) 100vw, 1024px\" \/><\/figure>\n<\/figure>\n<\/div>\n<\/div>\n<\/div><\/div>\n\n\n\n<div class=\"wp-block-group alignwide is-content-justification-center is-nowrap is-layout-flex wp-container-core-group-is-layout-4 wp-block-group-is-layout-flex\">\n<figure class=\"wp-block-image size-large is-resized\"><img loading=\"lazy\" decoding=\"async\" width=\"768\" height=\"1024\" src=\"https:\/\/absenkung.de\/wp-content\/uploads\/2025\/12\/IMG_5754-1-768x1024.jpg\" alt=\"\" class=\"wp-image-205\" style=\"width:545px;height:auto\" srcset=\"https:\/\/absenkung.de\/wp-content\/uploads\/2025\/12\/IMG_5754-1-768x1024.jpg 768w, https:\/\/absenkung.de\/wp-content\/uploads\/2025\/12\/IMG_5754-1-225x300.jpg 225w, https:\/\/absenkung.de\/wp-content\/uploads\/2025\/12\/IMG_5754-1-1152x1536.jpg 1152w, https:\/\/absenkung.de\/wp-content\/uploads\/2025\/12\/IMG_5754-1-1536x2048.jpg 1536w, https:\/\/absenkung.de\/wp-content\/uploads\/2025\/12\/IMG_5754-1-scaled.jpg 1920w\" sizes=\"auto, (max-width: 768px) 100vw, 768px\" \/><\/figure>\n\n\n\n<figure class=\"wp-block-image size-large\"><img loading=\"lazy\" decoding=\"async\" width=\"768\" height=\"1024\" src=\"https:\/\/absenkung.de\/wp-content\/uploads\/2025\/12\/IMG_5753-1-768x1024.jpg\" alt=\"\" class=\"wp-image-204\" srcset=\"https:\/\/absenkung.de\/wp-content\/uploads\/2025\/12\/IMG_5753-1-768x1024.jpg 768w, https:\/\/absenkung.de\/wp-content\/uploads\/2025\/12\/IMG_5753-1-225x300.jpg 225w, https:\/\/absenkung.de\/wp-content\/uploads\/2025\/12\/IMG_5753-1-1152x1536.jpg 1152w, https:\/\/absenkung.de\/wp-content\/uploads\/2025\/12\/IMG_5753-1-1536x2048.jpg 1536w, https:\/\/absenkung.de\/wp-content\/uploads\/2025\/12\/IMG_5753-1-scaled.jpg 1920w\" sizes=\"auto, (max-width: 768px) 100vw, 768px\" \/><\/figure>\n<\/div>\n\n\n\n<div class=\"wp-block-group is-vertical is-layout-flex wp-container-core-group-is-layout-5 wp-block-group-is-layout-flex\">\n<p class=\"has-text-align-center\">                           <strong>Wir freuen uns, unsere Sattelzugmaschine jetzt mit dem Neuen Tieflader der Firma HRD f\u00fcr den Transport der Drainagefr\u00e4se im Einsatz zu haben!<\/strong><\/p>\n\n\n\n<p><\/p>\n<\/div>\n\n\n\n<p><\/p>\n","protected":false},"excerpt":{"rendered":"<p>Herzlich Willkommen ! Bei Absenkanlagen RAMSEL \u2013 Ihrem Experten f\u00fcr Grundwasserabsenkung Seit 1975 ! In dritter Generation stehen wir Ihnen mit umfassendem Know-how und Erfahrung in der Grundwasserabsenkung zur Seite. Als zuverl\u00e4ssiger und kompetenter Partner sind wir in der Region&#8230;<\/p>\n","protected":false},"author":1,"featured_media":0,"parent":0,"menu_order":0,"comment_status":"closed","ping_status":"closed","template":"","meta":{"footnotes":""},"class_list":["post-5","page","type-page","status-publish","hentry"],"_links":{"self":[{"href":"https:\/\/absenkung.de\/index.php?rest_route=\/wp\/v2\/pages\/5","targetHints":{"allow":["GET"]}}],"collection":[{"href":"https:\/\/absenkung.de\/index.php?rest_route=\/wp\/v2\/pages"}],"about":[{"href":"https:\/\/absenkung.de\/index.php?rest_route=\/wp\/v2\/types\/page"}],"author":[{"embeddable":true,"href":"https:\/\/absenkung.de\/index.php?rest_route=\/wp\/v2\/users\/1"}],"replies":[{"embeddable":true,"href":"https:\/\/absenkung.de\/index.php?rest_route=%2Fwp%2Fv2%2Fcomments&post=5"}],"version-history":[{"count":19,"href":"https:\/\/absenkung.de\/index.php?rest_route=\/wp\/v2\/pages\/5\/revisions"}],"predecessor-version":[{"id":210,"href":"https:\/\/absenkung.de\/index.php?rest_route=\/wp\/v2\/pages\/5\/revisions\/210"}],"wp:attachment":[{"href":"https:\/\/absenkung.de\/index.php?rest_route=%2Fwp%2Fv2%2Fmedia&parent=5"}],"curies":[{"name":"wp","href":"https:\/\/api.w.org\/{rel}","templated":true}]}}